{"id":7,"date":"2023-05-29T13:09:05","date_gmt":"2023-05-29T13:09:05","guid":{"rendered":"https:\/\/dlavu.com.br\/?page_id=7"},"modified":"2023-05-29T19:23:14","modified_gmt":"2023-05-29T19:23:14","slug":"7898661543171-dlavu-brasil-cosmeticos-acai-bacaba-acu-1000ml","status":"publish","type":"page","link":"https:\/\/dlavu.com.br\/index.php\/7898661543171-dlavu-brasil-cosmeticos-acai-bacaba-acu-1000ml\/","title":{"rendered":"7898661543171 &#8211; D&#8217;Lavu Brasil Cosm\u00e9ticos &#8211; A\u00e7a\u00ed+Bacaba-a\u00e7u 1000ml"},"content":{"rendered":"\t\t<div data-elementor-type=\"wp-page\" data-elementor-id=\"7\" class=\"elementor elementor-7\">\n\t\t\t\t\t\t\t\t\t<section class=\"has_ma_el_bg_slider elementor-section elementor-top-section elementor-element elementor-element-3e4b6f6 elementor-section-full_width elementor-section-height-default elementor-section-height-default jltma-glass-effect-no wpr-particle-no wpr-jarallax-no wpr-parallax-no wpr-sticky-section-no\" data-id=\"3e4b6f6\" data-element_type=\"section\" id=\"bg-glass\" data-settings=\"{&quot;background_background&quot;:&quot;classic&quot;,&quot;_ha_eqh_enable&quot;:false}\">\n\t\t\t\t\t\t<div class=\"elementor-container elementor-column-gap-default\">\n\t\t\t\t\t<div class=\"has_ma_el_bg_slider elementor-column elementor-col-33 elementor-top-column elementor-element elementor-element-48c3797 jltma-glass-effect-no\" data-id=\"48c3797\" data-element_type=\"column\">\n\t\t\t<div class=\"elementor-widget-wrap elementor-element-populated\">\n\t\t\t\t\t\t\t\t<div class=\"elementor-element elementor-element-6f0cf08 elementor-widget__width-initial jltma-glass-effect-no elementor-widget elementor-widget-ma-dual-heading\" data-id=\"6f0cf08\" data-element_type=\"widget\" data-widget_type=\"ma-dual-heading.default\">\n\t\t\t\t<div class=\"elementor-widget-container\">\n\t\t\t\n\n\t\t\n\t\t\t<div id=\"jltma-heading-6f0cf08\" class=\"jltma-dual-heading\">\n\t\t\t\t<div class=\"jltma-dual-heading-wrapper\">\n\t\t\t\t\t\t\t\t\t\t<h1 class=\"jltma-dual-heading-title\">\n\n\t\t\t\t\t\t\n\t\t\t\t\t\t\t<span class=\"jltma-first-heading\">\n\t\t\t\t\t\t\t\tA\u00e7a\u00ed + Bacaba-A\u00c7U \t\t\t\t\t\t\t<\/span>\n\n\t\t\t\t\t\t\t<span class=\"jltma-second-heading\">\n\t\t\t\t\t\t\t\t Organic Protein Lissage\t\t\t\t\t\t\t<\/span>\n\n\t\t\t\t\t\t\t\n\t\t\t\t\t<\/h1>\n\t\t\t\t\t\t\t\t\t<\/div>\n\t\t\t<\/div>\n\n\t\t\n\n\t\t\t<\/div>\n\t\t\t\t<\/div>\n\t\t\t\t\t<\/div>\n\t\t<\/div>\n\t\t\t\t<div class=\"has_ma_el_bg_slider elementor-column elementor-col-33 elementor-top-column elementor-element elementor-element-2447e7f jltma-glass-effect-no\" data-id=\"2447e7f\" data-element_type=\"column\">\n\t\t\t<div class=\"elementor-widget-wrap elementor-element-populated\">\n\t\t\t\t\t\t\t\t<div class=\"elementor-element elementor-element-1cd2353 elementor-widget__width-initial elementor-absolute jltma-glass-effect-no elementor-widget elementor-widget-image\" data-id=\"1cd2353\" data-element_type=\"widget\" data-settings=\"{&quot;_position&quot;:&quot;absolute&quot;}\" data-widget_type=\"image.default\">\n\t\t\t\t<div class=\"elementor-widget-container\">\n\t\t\t<style>\/*! elementor - v3.13.3 - 28-05-2023 *\/\n.elementor-widget-image{text-align:center}.elementor-widget-image a{display:inline-block}.elementor-widget-image a img[src$=\".svg\"]{width:48px}.elementor-widget-image img{vertical-align:middle;display:inline-block}<\/style>\t\t\t\t\t\t\t\t\t\t\t\t<img loading=\"lazy\" decoding=\"async\" width=\"1080\" height=\"1920\" src=\"https:\/\/dlavu.com.br\/wp-content\/uploads\/2023\/05\/dlavu-brasil-acai-bacaba-acu-1000ml.png\" class=\"attachment-full size-full wp-image-93\" alt=\"\" \/>\t\t\t\t\t\t\t\t\t\t\t\t\t\t\t<\/div>\n\t\t\t\t<\/div>\n\t\t\t\t\t<\/div>\n\t\t<\/div>\n\t\t\t\t<div class=\"has_ma_el_bg_slider elementor-column elementor-col-33 elementor-top-column elementor-element elementor-element-da5ec15 jltma-glass-effect-no\" data-id=\"da5ec15\" data-element_type=\"column\" data-settings=\"{&quot;background_background&quot;:&quot;classic&quot;}\">\n\t\t\t<div class=\"elementor-widget-wrap elementor-element-populated\">\n\t\t\t\t\t\t\t\t<div class=\"elementor-element elementor-element-82f9399 jltma-glass-effect-no elementor-widget elementor-widget-text-editor\" data-id=\"82f9399\" data-element_type=\"widget\" data-widget_type=\"text-editor.default\">\n\t\t\t\t<div class=\"elementor-widget-container\">\n\t\t\t<style>\/*! elementor - v3.13.3 - 28-05-2023 *\/\n.elementor-widget-text-editor.elementor-drop-cap-view-stacked .elementor-drop-cap{background-color:#69727d;color:#fff}.elementor-widget-text-editor.elementor-drop-cap-view-framed .elementor-drop-cap{color:#69727d;border:3px solid;background-color:transparent}.elementor-widget-text-editor:not(.elementor-drop-cap-view-default) .elementor-drop-cap{margin-top:8px}.elementor-widget-text-editor:not(.elementor-drop-cap-view-default) .elementor-drop-cap-letter{width:1em;height:1em}.elementor-widget-text-editor .elementor-drop-cap{float:left;text-align:center;line-height:1;font-size:50px}.elementor-widget-text-editor .elementor-drop-cap-letter{display:inline-block}<\/style>\t\t\t\t<p>Professional Care\u00a0 \u00a0 \u00a0 |\u00a0 \u00a0 \u00a01000ml e 33,80floz<\/p>\t\t\t\t\t\t<\/div>\n\t\t\t\t<\/div>\n\t\t\t\t<div class=\"elementor-element elementor-element-ec0f439 jltma-glass-effect-no elementor-widget elementor-widget-text-editor\" data-id=\"ec0f439\" data-element_type=\"widget\" data-widget_type=\"text-editor.default\">\n\t\t\t\t<div class=\"elementor-widget-container\">\n\t\t\t\t\t\t\t<p>Cor da Embalagem Carbono<\/p>\t\t\t\t\t\t<\/div>\n\t\t\t\t<\/div>\n\t\t\t\t<div class=\"elementor-element elementor-element-09164f3 elementor-widget__width-initial jltma-glass-effect-no elementor-widget elementor-widget-text-editor\" data-id=\"09164f3\" data-element_type=\"widget\" data-widget_type=\"text-editor.default\">\n\t\t\t\t<div class=\"elementor-widget-container\">\n\t\t\t\t\t\t\t<p>C\u00f3digo de Barras\u00a0 \u00a07898661543171<\/p>\t\t\t\t\t\t<\/div>\n\t\t\t\t<\/div>\n\t\t\t\t<div class=\"elementor-element elementor-element-8ce1e60 jltma-glass-effect-no elementor-widget elementor-widget-text-editor\" data-id=\"8ce1e60\" data-element_type=\"widget\" data-widget_type=\"text-editor.default\">\n\t\t\t\t<div class=\"elementor-widget-container\">\n\t\t\t\t\t\t\t<p>CEST\u00a020.021.00<\/p>\t\t\t\t\t\t<\/div>\n\t\t\t\t<\/div>\n\t\t\t\t<div class=\"elementor-element elementor-element-03ef183 jltma-glass-effect-no elementor-widget elementor-widget-text-editor\" data-id=\"03ef183\" data-element_type=\"widget\" data-widget_type=\"text-editor.default\">\n\t\t\t\t<div class=\"elementor-widget-container\">\n\t\t\t\t\t\t\t<p>NCM\u00a03305.90.00<\/p>\t\t\t\t\t\t<\/div>\n\t\t\t\t<\/div>\n\t\t\t\t<div class=\"elementor-element elementor-element-e52aa97 jltma-glass-effect-no elementor-widget elementor-widget-text-editor\" data-id=\"e52aa97\" data-element_type=\"widget\" data-widget_type=\"text-editor.default\">\n\t\t\t\t<div class=\"elementor-widget-container\">\n\t\t\t\t\t\t\t<p>ANVISA N\u00ba 25351.307174\/2021-84<\/p>\t\t\t\t\t\t<\/div>\n\t\t\t\t<\/div>\n\t\t\t\t<div class=\"elementor-element elementor-element-5bcfa0b elementor-widget-divider--view-line jltma-glass-effect-no elementor-widget elementor-widget-divider\" data-id=\"5bcfa0b\" data-element_type=\"widget\" data-widget_type=\"divider.default\">\n\t\t\t\t<div class=\"elementor-widget-container\">\n\t\t\t<style>\/*! elementor - v3.13.3 - 28-05-2023 *\/\n.elementor-widget-divider{--divider-border-style:none;--divider-border-width:1px;--divider-color:#0c0d0e;--divider-icon-size:20px;--divider-element-spacing:10px;--divider-pattern-height:24px;--divider-pattern-size:20px;--divider-pattern-url:none;--divider-pattern-repeat:repeat-x}.elementor-widget-divider .elementor-divider{display:flex}.elementor-widget-divider .elementor-divider__text{font-size:15px;line-height:1;max-width:95%}.elementor-widget-divider .elementor-divider__element{margin:0 var(--divider-element-spacing);flex-shrink:0}.elementor-widget-divider .elementor-icon{font-size:var(--divider-icon-size)}.elementor-widget-divider .elementor-divider-separator{display:flex;margin:0;direction:ltr}.elementor-widget-divider--view-line_icon .elementor-divider-separator,.elementor-widget-divider--view-line_text .elementor-divider-separator{align-items:center}.elementor-widget-divider--view-line_icon .elementor-divider-separator:after,.elementor-widget-divider--view-line_icon .elementor-divider-separator:before,.elementor-widget-divider--view-line_text .elementor-divider-separator:after,.elementor-widget-divider--view-line_text .elementor-divider-separator:before{display:block;content:\"\";border-bottom:0;flex-grow:1;border-top:var(--divider-border-width) var(--divider-border-style) var(--divider-color)}.elementor-widget-divider--element-align-left .elementor-divider .elementor-divider-separator>.elementor-divider__svg:first-of-type{flex-grow:0;flex-shrink:100}.elementor-widget-divider--element-align-left .elementor-divider-separator:before{content:none}.elementor-widget-divider--element-align-left .elementor-divider__element{margin-left:0}.elementor-widget-divider--element-align-right .elementor-divider .elementor-divider-separator>.elementor-divider__svg:last-of-type{flex-grow:0;flex-shrink:100}.elementor-widget-divider--element-align-right .elementor-divider-separator:after{content:none}.elementor-widget-divider--element-align-right .elementor-divider__element{margin-right:0}.elementor-widget-divider:not(.elementor-widget-divider--view-line_text):not(.elementor-widget-divider--view-line_icon) .elementor-divider-separator{border-top:var(--divider-border-width) var(--divider-border-style) var(--divider-color)}.elementor-widget-divider--separator-type-pattern{--divider-border-style:none}.elementor-widget-divider--separator-type-pattern.elementor-widget-divider--view-line .elementor-divider-separator,.elementor-widget-divider--separator-type-pattern:not(.elementor-widget-divider--view-line) .elementor-divider-separator:after,.elementor-widget-divider--separator-type-pattern:not(.elementor-widget-divider--view-line) .elementor-divider-separator:before,.elementor-widget-divider--separator-type-pattern:not([class*=elementor-widget-divider--view]) .elementor-divider-separator{width:100%;min-height:var(--divider-pattern-height);-webkit-mask-size:var(--divider-pattern-size) 100%;mask-size:var(--divider-pattern-size) 100%;-webkit-mask-repeat:var(--divider-pattern-repeat);mask-repeat:var(--divider-pattern-repeat);background-color:var(--divider-color);-webkit-mask-image:var(--divider-pattern-url);mask-image:var(--divider-pattern-url)}.elementor-widget-divider--no-spacing{--divider-pattern-size:auto}.elementor-widget-divider--bg-round{--divider-pattern-repeat:round}.rtl .elementor-widget-divider .elementor-divider__text{direction:rtl}.e-con-inner>.elementor-widget-divider,.e-con>.elementor-widget-divider{width:var(--container-widget-width,100%);--flex-grow:var(--container-widget-flex-grow)}<\/style>\t\t<div class=\"elementor-divider\">\n\t\t\t<span class=\"elementor-divider-separator\">\n\t\t\t\t\t\t<\/span>\n\t\t<\/div>\n\t\t\t\t<\/div>\n\t\t\t\t<\/div>\n\t\t\t\t<div class=\"elementor-element elementor-element-274d972 jltma-glass-effect-no elementor-widget elementor-widget-image\" data-id=\"274d972\" data-element_type=\"widget\" data-widget_type=\"image.default\">\n\t\t\t\t<div class=\"elementor-widget-container\">\n\t\t\t\t\t\t\t\t\t\t\t\t\t\t\t<img loading=\"lazy\" decoding=\"async\" width=\"801\" height=\"171\" src=\"https:\/\/dlavu.com.br\/wp-content\/uploads\/2023\/05\/delavu-brasil-cosmeticos-icones-padrao.png\" class=\"attachment-large size-large wp-image-107\" alt=\"\" \/>\t\t\t\t\t\t\t\t\t\t\t\t\t\t\t<\/div>\n\t\t\t\t<\/div>\n\t\t\t\t\t<\/div>\n\t\t<\/div>\n\t\t\t\t\t\t\t<\/div>\n\t\t<\/section>\n\t\t\t\t<section class=\"has_ma_el_bg_slider elementor-section elementor-top-section elementor-element elementor-element-202908e elementor-section-boxed elementor-section-height-default elementor-section-height-default jltma-glass-effect-no wpr-particle-no wpr-jarallax-no wpr-parallax-no wpr-sticky-section-no\" data-id=\"202908e\" data-element_type=\"section\" data-settings=\"{&quot;background_background&quot;:&quot;classic&quot;,&quot;_ha_eqh_enable&quot;:false}\">\n\t\t\t\t\t\t<div class=\"elementor-container elementor-column-gap-default\">\n\t\t\t\t\t<div class=\"has_ma_el_bg_slider elementor-column elementor-col-100 elementor-top-column elementor-element elementor-element-520b881 jltma-glass-effect-no\" data-id=\"520b881\" data-element_type=\"column\">\n\t\t\t<div class=\"elementor-widget-wrap elementor-element-populated\">\n\t\t\t\t\t\t\t\t<div class=\"elementor-element elementor-element-f65283d jltma-glass-effect-no elementor-widget elementor-widget-text-editor\" data-id=\"f65283d\" data-element_type=\"widget\" data-widget_type=\"text-editor.default\">\n\t\t\t\t<div class=\"elementor-widget-container\">\n\t\t\t\t\t\t\t<p>Composi\u00e7\u00e3o<\/p>\t\t\t\t\t\t<\/div>\n\t\t\t\t<\/div>\n\t\t\t\t<div class=\"elementor-element elementor-element-528e88a jltma-glass-effect-no elementor-widget elementor-widget-text-editor\" data-id=\"528e88a\" data-element_type=\"widget\" data-widget_type=\"text-editor.default\">\n\t\t\t\t<div class=\"elementor-widget-container\">\n\t\t\t\t\t\t\t<p>Aqua, Dipropylene Glycol, Polysilicone-29, Cetearyl Alcohol, Behentrimonium Methosulfate, Orbignya Oleifera Seed Oil, Stearamidopropyl Dimethylamine, Pentaclethramidopropyl Dimethylamine, Stearamidopropyl Trimonium Methosulfate, Parfum, Caryocar Brasiliense Fruit Oil, Euterpe Oleracea Fruit Extract, Vinegar, Pyrus Malus (apple) Fruit Extract, Fructose, Glucose, Gluconic Acid, Gluconolactone, Caesalpinia Spinosa Gum, Citrus Limon (lemon) Fruit Extract, Tamarindus Indica Fruit Extract, Hydrolyzed Corn Protein, Urea, Lysine, Acetamide Mea, Panthenol, Riboflavin, Arginine, Histidine, Cyclopentasiloxane, Mica, Lactic Acid, lodopropynyl Butylcarbamate.<\/p>\t\t\t\t\t\t<\/div>\n\t\t\t\t<\/div>\n\t\t\t\t\t<\/div>\n\t\t<\/div>\n\t\t\t\t\t\t\t<\/div>\n\t\t<\/section>\n\t\t\t\t\t\t\t<\/div>\n\t\t","protected":false},"excerpt":{"rendered":"<p>A\u00e7a\u00ed + Bacaba-A\u00c7U Organic Protein Lissage Professional Care\u00a0 \u00a0 \u00a0 |\u00a0 \u00a0 \u00a01000ml e 33,80floz Cor da Embalagem Carbono C\u00f3digo de Barras\u00a0 \u00a07898661543171 CEST\u00a020.021.00 NCM\u00a03305.90.00 ANVISA N\u00ba 25351.307174\/2021-84 Composi\u00e7\u00e3o Aqua, [&hellip;]<\/p>\n","protected":false},"author":1,"featured_media":0,"parent":0,"menu_order":0,"comment_status":"closed","ping_status":"closed","template":"elementor_header_footer","meta":{"loftloader_page_shortcode":"","footnotes":""},"rttpg_featured_image_url":null,"rttpg_author":{"display_name":"dlavu","author_link":"https:\/\/dlavu.com.br\/index.php\/author\/dlavu\/"},"rttpg_comment":0,"rttpg_category":null,"rttpg_excerpt":"A\u00e7a\u00ed + Bacaba-A\u00c7U Organic Protein Lissage Professional Care\u00a0 \u00a0 \u00a0 |\u00a0 \u00a0 \u00a01000ml e 33,80floz Cor da Embalagem Carbono C\u00f3digo de Barras\u00a0 \u00a07898661543171 CEST\u00a020.021.00 NCM\u00a03305.90.00 ANVISA N\u00ba 25351.307174\/2021-84 Composi\u00e7\u00e3o Aqua, [&hellip;]","_links":{"self":[{"href":"https:\/\/dlavu.com.br\/index.php\/wp-json\/wp\/v2\/pages\/7"}],"collection":[{"href":"https:\/\/dlavu.com.br\/index.php\/wp-json\/wp\/v2\/pages"}],"about":[{"href":"https:\/\/dlavu.com.br\/index.php\/wp-json\/wp\/v2\/types\/page"}],"author":[{"embeddable":true,"href":"https:\/\/dlavu.com.br\/index.php\/wp-json\/wp\/v2\/users\/1"}],"replies":[{"embeddable":true,"href":"https:\/\/dlavu.com.br\/index.php\/wp-json\/wp\/v2\/comments?post=7"}],"version-history":[{"count":235,"href":"https:\/\/dlavu.com.br\/index.php\/wp-json\/wp\/v2\/pages\/7\/revisions"}],"predecessor-version":[{"id":323,"href":"https:\/\/dlavu.com.br\/index.php\/wp-json\/wp\/v2\/pages\/7\/revisions\/323"}],"wp:attachment":[{"href":"https:\/\/dlavu.com.br\/index.php\/wp-json\/wp\/v2\/media?parent=7"}],"curies":[{"name":"wp","href":"https:\/\/api.w.org\/{rel}","templated":true}]}}