{"id":599,"date":"2023-05-30T17:21:22","date_gmt":"2023-05-30T17:21:22","guid":{"rendered":"https:\/\/dlavu.com.br\/?page_id=599"},"modified":"2023-05-30T18:02:06","modified_gmt":"2023-05-30T18:02:06","slug":"7898661543294-7898661543300-7898661543317-7898661543324-7898661543294-7898661543218-dlavu-brasil-cosmeticos-oleos-lendarios","status":"publish","type":"page","link":"https:\/\/dlavu.com.br\/index.php\/7898661543294-7898661543300-7898661543317-7898661543324-7898661543294-7898661543218-dlavu-brasil-cosmeticos-oleos-lendarios\/","title":{"rendered":"7898661543294-7898661543300-7898661543317-7898661543324-7898661543294-7898661543218 &#8211; D&#8217;Lavu Brasil Cosm\u00e9ticos -\u00d3leos Lend\u00e1rios"},"content":{"rendered":"\t\t<div data-elementor-type=\"wp-page\" data-elementor-id=\"599\" class=\"elementor elementor-599\">\n\t\t\t\t\t\t\t\t\t<section class=\"has_ma_el_bg_slider elementor-section elementor-top-section elementor-element elementor-element-3e4b6f6 elementor-section-full_width elementor-section-height-default elementor-section-height-default jltma-glass-effect-no wpr-particle-no wpr-jarallax-no wpr-parallax-no wpr-sticky-section-no\" data-id=\"3e4b6f6\" data-element_type=\"section\" id=\"bg-glass\" data-settings=\"{&quot;background_background&quot;:&quot;classic&quot;,&quot;_ha_eqh_enable&quot;:false}\">\n\t\t\t\t\t\t<div class=\"elementor-container elementor-column-gap-default\">\n\t\t\t\t\t<div class=\"has_ma_el_bg_slider elementor-column elementor-col-33 elementor-top-column elementor-element elementor-element-48c3797 jltma-glass-effect-no\" data-id=\"48c3797\" data-element_type=\"column\">\n\t\t\t<div class=\"elementor-widget-wrap elementor-element-populated\">\n\t\t\t\t\t\t\t\t<div class=\"elementor-element elementor-element-6f0cf08 elementor-widget__width-initial jltma-glass-effect-no elementor-widget elementor-widget-ma-dual-heading\" data-id=\"6f0cf08\" data-element_type=\"widget\" data-widget_type=\"ma-dual-heading.default\">\n\t\t\t\t<div class=\"elementor-widget-container\">\n\t\t\t\n\n\t\t\n\t\t\t<div id=\"jltma-heading-6f0cf08\" class=\"jltma-dual-heading\">\n\t\t\t\t<div class=\"jltma-dual-heading-wrapper\">\n\t\t\t\t\t\t\t\t\t\t<h1 class=\"jltma-dual-heading-title\">\n\n\t\t\t\t\t\t\n\t\t\t\t\t\t\t<span class=\"jltma-first-heading\">\n\t\t\t\t\t\t\t\t\u00d3leos  \t\t\t\t\t\t\t<\/span>\n\n\t\t\t\t\t\t\t<span class=\"jltma-second-heading\">\n\t\t\t\t\t\t\t\tLend\u00e1rios\t\t\t\t\t\t\t<\/span>\n\n\t\t\t\t\t\t\t\n\t\t\t\t\t<\/h1>\n\t\t\t\t\t\t\t\t\t\t\t<p class=\"jltma-dual-heading-description\">Cam\u00e9lia <br>\nMacad\u00e2mia<br>\nOliva<br>\nR\u00edcino<br>\nRosa Imperial<\/p>\n\t\t\t\t\t\t\t\t\t<\/div>\n\t\t\t<\/div>\n\n\t\t\n\n\t\t\t<\/div>\n\t\t\t\t<\/div>\n\t\t\t\t\t<\/div>\n\t\t<\/div>\n\t\t\t\t<div class=\"has_ma_el_bg_slider elementor-column elementor-col-33 elementor-top-column elementor-element elementor-element-cb17da1 jltma-glass-effect-no\" data-id=\"cb17da1\" data-element_type=\"column\" data-settings=\"{&quot;background_background&quot;:&quot;classic&quot;}\">\n\t\t\t<div class=\"elementor-widget-wrap elementor-element-populated\">\n\t\t\t\t\t\t\t\t<div class=\"elementor-element elementor-element-5dedf55 elementor-absolute elementor-hidden-tablet elementor-hidden-mobile elementor-arrows-position-inside jltma-glass-effect-no elementor-widget elementor-widget-image-carousel\" data-id=\"5dedf55\" data-element_type=\"widget\" data-settings=\"{&quot;slides_to_show&quot;:&quot;1&quot;,&quot;navigation&quot;:&quot;arrows&quot;,&quot;_position&quot;:&quot;absolute&quot;,&quot;autoplay&quot;:&quot;yes&quot;,&quot;pause_on_hover&quot;:&quot;yes&quot;,&quot;pause_on_interaction&quot;:&quot;yes&quot;,&quot;autoplay_speed&quot;:5000,&quot;infinite&quot;:&quot;yes&quot;,&quot;effect&quot;:&quot;slide&quot;,&quot;speed&quot;:500}\" data-widget_type=\"image-carousel.default\">\n\t\t\t\t<div class=\"elementor-widget-container\">\n\t\t\t<style>\/*! elementor - v3.13.3 - 28-05-2023 *\/\n.elementor-widget-image-carousel .swiper,.elementor-widget-image-carousel .swiper-container{position:static}.elementor-widget-image-carousel .swiper-container .swiper-slide figure,.elementor-widget-image-carousel .swiper .swiper-slide figure{line-height:inherit}.elementor-widget-image-carousel .swiper-slide{text-align:center}.elementor-image-carousel-wrapper:not(.swiper-container-initialized):not(.swiper-initialized) .swiper-slide{max-width:calc(100% \/ var(--e-image-carousel-slides-to-show, 3))}<\/style>\t\t<div class=\"elementor-image-carousel-wrapper swiper\" dir=\"rtl\">\n\t\t\t<div class=\"elementor-image-carousel swiper-wrapper\">\n\t\t\t\t\t\t\t\t<div class=\"swiper-slide\"><figure class=\"swiper-slide-inner\"><img decoding=\"async\" class=\"swiper-slide-image\" src=\"https:\/\/dlavu.com.br\/wp-content\/uploads\/2023\/05\/delavu-brasil-cosmeticos-oleos-lendarios-camelia-576x1024.png\" alt=\"delavu-brasil-cosmeticos-oleos-lendarios-camelia\" \/><\/figure><\/div><div class=\"swiper-slide\"><figure class=\"swiper-slide-inner\"><img decoding=\"async\" class=\"swiper-slide-image\" src=\"https:\/\/dlavu.com.br\/wp-content\/uploads\/2023\/05\/delavu-brasil-cosmeticos-oleos-lendarios-macadamia-576x1024.png\" alt=\"delavu-brasil-cosmeticos-oleos-lendarios-macadamia\" \/><\/figure><\/div><div class=\"swiper-slide\"><figure class=\"swiper-slide-inner\"><img decoding=\"async\" class=\"swiper-slide-image\" src=\"https:\/\/dlavu.com.br\/wp-content\/uploads\/2023\/05\/delavu-brasil-cosmeticos-oleos-lendarios-oliva-576x1024.png\" alt=\"delavu-brasil-cosmeticos-oleos-lendarios-oliva\" \/><\/figure><\/div><div class=\"swiper-slide\"><figure class=\"swiper-slide-inner\"><img decoding=\"async\" class=\"swiper-slide-image\" src=\"https:\/\/dlavu.com.br\/wp-content\/uploads\/2023\/05\/delavu-brasil-cosmeticos-oleos-lendarios-ricino-576x1024.png\" alt=\"delavu-brasil-cosmeticos-oleos-lendarios-ricino\" \/><\/figure><\/div><div class=\"swiper-slide\"><figure class=\"swiper-slide-inner\"><img decoding=\"async\" class=\"swiper-slide-image\" src=\"https:\/\/dlavu.com.br\/wp-content\/uploads\/2023\/05\/delavu-brasil-cosmeticos-oleos-lendarios-rosa-imperial-576x1024.png\" alt=\"delavu-brasil-cosmeticos-oleos-lendarios-rosa-imperial\" \/><\/figure><\/div>\t\t\t<\/div>\n\t\t\t\t\t\t\t\t\t\t\t\t\t\t\t\t<div class=\"elementor-swiper-button elementor-swiper-button-prev\" role=\"button\" tabindex=\"0\">\n\t\t\t\t\t\t<i aria-hidden=\"true\" class=\"eicon-chevron-left\"><\/i>\t\t\t\t\t\t<span class=\"elementor-screen-only\">Previous image<\/span>\n\t\t\t\t\t<\/div>\n\t\t\t\t\t<div class=\"elementor-swiper-button elementor-swiper-button-next\" role=\"button\" tabindex=\"0\">\n\t\t\t\t\t\t<i aria-hidden=\"true\" class=\"eicon-chevron-right\"><\/i>\t\t\t\t\t\t<span class=\"elementor-screen-only\">Next image<\/span>\n\t\t\t\t\t<\/div>\n\t\t\t\t\t\t\t\t\t<\/div>\n\t\t\t\t<\/div>\n\t\t\t\t<\/div>\n\t\t\t\t<div class=\"elementor-element elementor-element-f6026ea elementor-hidden-desktop jltma-glass-effect-no elementor-widget elementor-widget-image\" data-id=\"f6026ea\" data-element_type=\"widget\" data-widget_type=\"image.default\">\n\t\t\t\t<div class=\"elementor-widget-container\">\n\t\t\t<style>\/*! elementor - v3.13.3 - 28-05-2023 *\/\n.elementor-widget-image{text-align:center}.elementor-widget-image a{display:inline-block}.elementor-widget-image a img[src$=\".svg\"]{width:48px}.elementor-widget-image img{vertical-align:middle;display:inline-block}<\/style>\t\t\t\t\t\t\t\t\t\t\t\t<img loading=\"lazy\" decoding=\"async\" width=\"576\" height=\"1024\" src=\"https:\/\/dlavu.com.br\/wp-content\/uploads\/2023\/05\/delavu-brasil-cosmeticos-oleos-lendarios-camelia-576x1024.png\" class=\"attachment-large size-large wp-image-602\" alt=\"\" \/>\t\t\t\t\t\t\t\t\t\t\t\t\t\t\t<\/div>\n\t\t\t\t<\/div>\n\t\t\t\t<div class=\"elementor-element elementor-element-4c07e37 elementor-hidden-desktop jltma-glass-effect-no elementor-widget elementor-widget-image\" data-id=\"4c07e37\" data-element_type=\"widget\" data-widget_type=\"image.default\">\n\t\t\t\t<div class=\"elementor-widget-container\">\n\t\t\t\t\t\t\t\t\t\t\t\t\t\t\t<img loading=\"lazy\" decoding=\"async\" width=\"576\" height=\"1024\" src=\"https:\/\/dlavu.com.br\/wp-content\/uploads\/2023\/05\/delavu-brasil-cosmeticos-oleos-lendarios-macadamia-576x1024.png\" class=\"attachment-large size-large wp-image-603\" alt=\"\" \/>\t\t\t\t\t\t\t\t\t\t\t\t\t\t\t<\/div>\n\t\t\t\t<\/div>\n\t\t\t\t<div class=\"elementor-element elementor-element-082c253 elementor-hidden-desktop jltma-glass-effect-no elementor-widget elementor-widget-image\" data-id=\"082c253\" data-element_type=\"widget\" data-widget_type=\"image.default\">\n\t\t\t\t<div class=\"elementor-widget-container\">\n\t\t\t\t\t\t\t\t\t\t\t\t\t\t\t<img loading=\"lazy\" decoding=\"async\" width=\"576\" height=\"1024\" src=\"https:\/\/dlavu.com.br\/wp-content\/uploads\/2023\/05\/delavu-brasil-cosmeticos-oleos-lendarios-oliva-576x1024.png\" class=\"attachment-large size-large wp-image-604\" alt=\"\" \/>\t\t\t\t\t\t\t\t\t\t\t\t\t\t\t<\/div>\n\t\t\t\t<\/div>\n\t\t\t\t<div class=\"elementor-element elementor-element-6676a69 elementor-hidden-desktop jltma-glass-effect-no elementor-widget elementor-widget-image\" data-id=\"6676a69\" data-element_type=\"widget\" data-widget_type=\"image.default\">\n\t\t\t\t<div class=\"elementor-widget-container\">\n\t\t\t\t\t\t\t\t\t\t\t\t\t\t\t<img loading=\"lazy\" decoding=\"async\" width=\"576\" height=\"1024\" src=\"https:\/\/dlavu.com.br\/wp-content\/uploads\/2023\/05\/delavu-brasil-cosmeticos-oleos-lendarios-ricino-576x1024.png\" class=\"attachment-large size-large wp-image-605\" alt=\"\" \/>\t\t\t\t\t\t\t\t\t\t\t\t\t\t\t<\/div>\n\t\t\t\t<\/div>\n\t\t\t\t<div class=\"elementor-element elementor-element-47fe0c6 elementor-hidden-desktop jltma-glass-effect-no elementor-widget elementor-widget-image\" data-id=\"47fe0c6\" data-element_type=\"widget\" data-widget_type=\"image.default\">\n\t\t\t\t<div class=\"elementor-widget-container\">\n\t\t\t\t\t\t\t\t\t\t\t\t\t\t\t<img loading=\"lazy\" decoding=\"async\" width=\"576\" height=\"1024\" src=\"https:\/\/dlavu.com.br\/wp-content\/uploads\/2023\/05\/delavu-brasil-cosmeticos-oleos-lendarios-rosa-imperial-576x1024.png\" class=\"attachment-large size-large wp-image-606\" alt=\"\" \/>\t\t\t\t\t\t\t\t\t\t\t\t\t\t\t<\/div>\n\t\t\t\t<\/div>\n\t\t\t\t\t<\/div>\n\t\t<\/div>\n\t\t\t\t<div class=\"has_ma_el_bg_slider elementor-column elementor-col-33 elementor-top-column elementor-element elementor-element-da5ec15 jltma-glass-effect-no\" data-id=\"da5ec15\" data-element_type=\"column\" data-settings=\"{&quot;background_background&quot;:&quot;classic&quot;}\">\n\t\t\t<div class=\"elementor-widget-wrap elementor-element-populated\">\n\t\t\t\t\t\t\t\t<div class=\"elementor-element elementor-element-82f9399 jltma-glass-effect-no elementor-widget elementor-widget-text-editor\" data-id=\"82f9399\" data-element_type=\"widget\" data-widget_type=\"text-editor.default\">\n\t\t\t\t<div class=\"elementor-widget-container\">\n\t\t\t<style>\/*! elementor - v3.13.3 - 28-05-2023 *\/\n.elementor-widget-text-editor.elementor-drop-cap-view-stacked .elementor-drop-cap{background-color:#69727d;color:#fff}.elementor-widget-text-editor.elementor-drop-cap-view-framed .elementor-drop-cap{color:#69727d;border:3px solid;background-color:transparent}.elementor-widget-text-editor:not(.elementor-drop-cap-view-default) .elementor-drop-cap{margin-top:8px}.elementor-widget-text-editor:not(.elementor-drop-cap-view-default) .elementor-drop-cap-letter{width:1em;height:1em}.elementor-widget-text-editor .elementor-drop-cap{float:left;text-align:center;line-height:1;font-size:50px}.elementor-widget-text-editor .elementor-drop-cap-letter{display:inline-block}<\/style>\t\t\t\t<p>Home Care\u00a0 \u00a0 \u00a0 |\u00a0 \u00a0 \u00a0120ml e 4,05floz<\/p>\t\t\t\t\t\t<\/div>\n\t\t\t\t<\/div>\n\t\t\t\t<div class=\"elementor-element elementor-element-ec0f439 jltma-glass-effect-no elementor-widget elementor-widget-text-editor\" data-id=\"ec0f439\" data-element_type=\"widget\" data-widget_type=\"text-editor.default\">\n\t\t\t\t<div class=\"elementor-widget-container\">\n\t\t\t\t\t\t\t<p>Cor da Embalagem \u00c2mbar Semitransparente<\/p>\t\t\t\t\t\t<\/div>\n\t\t\t\t<\/div>\n\t\t\t\t<div class=\"elementor-element elementor-element-09164f3 elementor-widget__width-initial jltma-glass-effect-no elementor-widget elementor-widget-text-editor\" data-id=\"09164f3\" data-element_type=\"widget\" data-widget_type=\"text-editor.default\">\n\t\t\t\t<div class=\"elementor-widget-container\">\n\t\t\t\t\t\t\t<p>C\u00f3digos de Barras\u00a0<br \/>Cam\u00e9lia :\u00a07898661543294<br \/>Macad\u00e2mia :\u00a0\u00a07898661543300<br \/>Oliva :\u00a0\u00a07898661543317<br \/>R\u00edcino :\u00a07898661543324<br \/>Rosa Imperial :\u00a07898661543218<br \/><br \/><\/p>\t\t\t\t\t\t<\/div>\n\t\t\t\t<\/div>\n\t\t\t\t<div class=\"elementor-element elementor-element-8ce1e60 jltma-glass-effect-no elementor-widget elementor-widget-text-editor\" data-id=\"8ce1e60\" data-element_type=\"widget\" data-widget_type=\"text-editor.default\">\n\t\t\t\t<div class=\"elementor-widget-container\">\n\t\t\t\t\t\t\t<p>CEST\u00a020.020.00<\/p>\t\t\t\t\t\t<\/div>\n\t\t\t\t<\/div>\n\t\t\t\t<div class=\"elementor-element elementor-element-03ef183 jltma-glass-effect-no elementor-widget elementor-widget-text-editor\" data-id=\"03ef183\" data-element_type=\"widget\" data-widget_type=\"text-editor.default\">\n\t\t\t\t<div class=\"elementor-widget-container\">\n\t\t\t\t\t\t\t<p>NCM&nbsp;3305.90.00<\/p>\t\t\t\t\t\t<\/div>\n\t\t\t\t<\/div>\n\t\t\t\t<div class=\"elementor-element elementor-element-e52aa97 jltma-glass-effect-no elementor-widget elementor-widget-text-editor\" data-id=\"e52aa97\" data-element_type=\"widget\" data-widget_type=\"text-editor.default\">\n\t\t\t\t<div class=\"elementor-widget-container\">\n\t\t\t\t\t\t\t<p>ANVISA N\u00ba <br \/>Cam\u00e9lia : 25351.719115\/2021-55<br \/>Macad\u00e2mia : 25351.719117\/2021-44<br \/>Oliva : 25351.719224\/2021-72<br \/>R\u00edcino : 25351.719116\/2021-08<br \/>Rosa Imperial\u00a0 : 25351.296797\/2021-14<\/p>\t\t\t\t\t\t<\/div>\n\t\t\t\t<\/div>\n\t\t\t\t<div class=\"elementor-element elementor-element-5bcfa0b elementor-widget-divider--view-line jltma-glass-effect-no elementor-widget elementor-widget-divider\" data-id=\"5bcfa0b\" data-element_type=\"widget\" data-widget_type=\"divider.default\">\n\t\t\t\t<div class=\"elementor-widget-container\">\n\t\t\t<style>\/*! elementor - v3.13.3 - 28-05-2023 *\/\n.elementor-widget-divider{--divider-border-style:none;--divider-border-width:1px;--divider-color:#0c0d0e;--divider-icon-size:20px;--divider-element-spacing:10px;--divider-pattern-height:24px;--divider-pattern-size:20px;--divider-pattern-url:none;--divider-pattern-repeat:repeat-x}.elementor-widget-divider .elementor-divider{display:flex}.elementor-widget-divider .elementor-divider__text{font-size:15px;line-height:1;max-width:95%}.elementor-widget-divider .elementor-divider__element{margin:0 var(--divider-element-spacing);flex-shrink:0}.elementor-widget-divider .elementor-icon{font-size:var(--divider-icon-size)}.elementor-widget-divider .elementor-divider-separator{display:flex;margin:0;direction:ltr}.elementor-widget-divider--view-line_icon .elementor-divider-separator,.elementor-widget-divider--view-line_text .elementor-divider-separator{align-items:center}.elementor-widget-divider--view-line_icon .elementor-divider-separator:after,.elementor-widget-divider--view-line_icon .elementor-divider-separator:before,.elementor-widget-divider--view-line_text .elementor-divider-separator:after,.elementor-widget-divider--view-line_text .elementor-divider-separator:before{display:block;content:\"\";border-bottom:0;flex-grow:1;border-top:var(--divider-border-width) var(--divider-border-style) var(--divider-color)}.elementor-widget-divider--element-align-left .elementor-divider .elementor-divider-separator>.elementor-divider__svg:first-of-type{flex-grow:0;flex-shrink:100}.elementor-widget-divider--element-align-left .elementor-divider-separator:before{content:none}.elementor-widget-divider--element-align-left .elementor-divider__element{margin-left:0}.elementor-widget-divider--element-align-right .elementor-divider .elementor-divider-separator>.elementor-divider__svg:last-of-type{flex-grow:0;flex-shrink:100}.elementor-widget-divider--element-align-right .elementor-divider-separator:after{content:none}.elementor-widget-divider--element-align-right .elementor-divider__element{margin-right:0}.elementor-widget-divider:not(.elementor-widget-divider--view-line_text):not(.elementor-widget-divider--view-line_icon) .elementor-divider-separator{border-top:var(--divider-border-width) var(--divider-border-style) var(--divider-color)}.elementor-widget-divider--separator-type-pattern{--divider-border-style:none}.elementor-widget-divider--separator-type-pattern.elementor-widget-divider--view-line .elementor-divider-separator,.elementor-widget-divider--separator-type-pattern:not(.elementor-widget-divider--view-line) .elementor-divider-separator:after,.elementor-widget-divider--separator-type-pattern:not(.elementor-widget-divider--view-line) .elementor-divider-separator:before,.elementor-widget-divider--separator-type-pattern:not([class*=elementor-widget-divider--view]) .elementor-divider-separator{width:100%;min-height:var(--divider-pattern-height);-webkit-mask-size:var(--divider-pattern-size) 100%;mask-size:var(--divider-pattern-size) 100%;-webkit-mask-repeat:var(--divider-pattern-repeat);mask-repeat:var(--divider-pattern-repeat);background-color:var(--divider-color);-webkit-mask-image:var(--divider-pattern-url);mask-image:var(--divider-pattern-url)}.elementor-widget-divider--no-spacing{--divider-pattern-size:auto}.elementor-widget-divider--bg-round{--divider-pattern-repeat:round}.rtl .elementor-widget-divider .elementor-divider__text{direction:rtl}.e-con-inner>.elementor-widget-divider,.e-con>.elementor-widget-divider{width:var(--container-widget-width,100%);--flex-grow:var(--container-widget-flex-grow)}<\/style>\t\t<div class=\"elementor-divider\">\n\t\t\t<span class=\"elementor-divider-separator\">\n\t\t\t\t\t\t<\/span>\n\t\t<\/div>\n\t\t\t\t<\/div>\n\t\t\t\t<\/div>\n\t\t\t\t<div class=\"elementor-element elementor-element-274d972 jltma-glass-effect-no elementor-widget elementor-widget-image\" data-id=\"274d972\" data-element_type=\"widget\" data-widget_type=\"image.default\">\n\t\t\t\t<div class=\"elementor-widget-container\">\n\t\t\t\t\t\t\t\t\t\t\t\t\t\t\t<img loading=\"lazy\" decoding=\"async\" width=\"801\" height=\"171\" src=\"https:\/\/dlavu.com.br\/wp-content\/uploads\/2023\/05\/delavu-brasil-cosmeticos-icones-padrao.png\" class=\"attachment-large size-large wp-image-107\" alt=\"\" \/>\t\t\t\t\t\t\t\t\t\t\t\t\t\t\t<\/div>\n\t\t\t\t<\/div>\n\t\t\t\t\t<\/div>\n\t\t<\/div>\n\t\t\t\t\t\t\t<\/div>\n\t\t<\/section>\n\t\t\t\t<section class=\"has_ma_el_bg_slider elementor-section elementor-top-section elementor-element elementor-element-202908e elementor-section-boxed elementor-section-height-default elementor-section-height-default jltma-glass-effect-no wpr-particle-no wpr-jarallax-no wpr-parallax-no wpr-sticky-section-no\" data-id=\"202908e\" data-element_type=\"section\" data-settings=\"{&quot;background_background&quot;:&quot;classic&quot;,&quot;_ha_eqh_enable&quot;:false}\">\n\t\t\t\t\t\t<div class=\"elementor-container elementor-column-gap-default\">\n\t\t\t\t\t<div class=\"has_ma_el_bg_slider elementor-column elementor-col-100 elementor-top-column elementor-element elementor-element-520b881 jltma-glass-effect-no\" data-id=\"520b881\" data-element_type=\"column\">\n\t\t\t<div class=\"elementor-widget-wrap elementor-element-populated\">\n\t\t\t\t\t\t\t\t<div class=\"elementor-element elementor-element-f65283d jltma-glass-effect-no elementor-widget elementor-widget-text-editor\" data-id=\"f65283d\" data-element_type=\"widget\" data-widget_type=\"text-editor.default\">\n\t\t\t\t<div class=\"elementor-widget-container\">\n\t\t\t\t\t\t\t<p>Composi\u00e7\u00e3o Cam\u00e9lia<\/p>\t\t\t\t\t\t<\/div>\n\t\t\t\t<\/div>\n\t\t\t\t<div class=\"elementor-element elementor-element-528e88a jltma-glass-effect-no elementor-widget elementor-widget-text-editor\" data-id=\"528e88a\" data-element_type=\"widget\" data-widget_type=\"text-editor.default\">\n\t\t\t\t<div class=\"elementor-widget-container\">\n\t\t\t\t\t\t\t<p>Cyclomethicone, Cyclopentasiloxane, Dimethicone, Parfum, Camellia Oleifera Seed Oil, Iodopropynil Butylcarbamate, Linalool, D-limonene, Benzyl Salicylate, Alpha-isomethylIonone, Citronellol, Coumarin.<\/p>\t\t\t\t\t\t<\/div>\n\t\t\t\t<\/div>\n\t\t\t\t<div class=\"elementor-element elementor-element-5ab0b13 jltma-glass-effect-no elementor-widget elementor-widget-text-editor\" data-id=\"5ab0b13\" data-element_type=\"widget\" data-widget_type=\"text-editor.default\">\n\t\t\t\t<div class=\"elementor-widget-container\">\n\t\t\t\t\t\t\t<p>Composi\u00e7\u00e3o macad\u00e2mia<\/p>\t\t\t\t\t\t<\/div>\n\t\t\t\t<\/div>\n\t\t\t\t<div class=\"elementor-element elementor-element-4d1c51c jltma-glass-effect-no elementor-widget elementor-widget-text-editor\" data-id=\"4d1c51c\" data-element_type=\"widget\" data-widget_type=\"text-editor.default\">\n\t\t\t\t<div class=\"elementor-widget-container\">\n\t\t\t\t\t\t\t<p>Cyclomethicone, Cyclopentasiloxane, Dimethicone, Parfum, Macadamia Ternifolia Seed Oil, Iodopropynil Butylcarbamate, Linalool, D-limonene, Benzyl <br \/>Salicylate, Alpha-isomethyl Ionone, Citronellol, Coumarin.<\/p>\t\t\t\t\t\t<\/div>\n\t\t\t\t<\/div>\n\t\t\t\t<div class=\"elementor-element elementor-element-b225fd8 jltma-glass-effect-no elementor-widget elementor-widget-text-editor\" data-id=\"b225fd8\" data-element_type=\"widget\" data-widget_type=\"text-editor.default\">\n\t\t\t\t<div class=\"elementor-widget-container\">\n\t\t\t\t\t\t\t<p>Composi\u00e7\u00e3o oliva<\/p>\t\t\t\t\t\t<\/div>\n\t\t\t\t<\/div>\n\t\t\t\t<div class=\"elementor-element elementor-element-417b5f6 jltma-glass-effect-no elementor-widget elementor-widget-text-editor\" data-id=\"417b5f6\" data-element_type=\"widget\" data-widget_type=\"text-editor.default\">\n\t\t\t\t<div class=\"elementor-widget-container\">\n\t\t\t\t\t\t\t<p>Cyclomethicone, Cyclopentasiloxane, Dimethicone, Parfum, Hydrogenated Olive Oil, Iodopropynil Butylcarbamate, Linalool, D-limonene, Benzyl Salicylate, Alpha-Isomethyl Ionone, Citronellol, Coumarin.<\/p>\t\t\t\t\t\t<\/div>\n\t\t\t\t<\/div>\n\t\t\t\t<div class=\"elementor-element elementor-element-faabbd1 jltma-glass-effect-no elementor-widget elementor-widget-text-editor\" data-id=\"faabbd1\" data-element_type=\"widget\" data-widget_type=\"text-editor.default\">\n\t\t\t\t<div class=\"elementor-widget-container\">\n\t\t\t\t\t\t\t<p>Composi\u00e7\u00e3o r\u00edcino<\/p>\t\t\t\t\t\t<\/div>\n\t\t\t\t<\/div>\n\t\t\t\t<div class=\"elementor-element elementor-element-f76ed17 jltma-glass-effect-no elementor-widget elementor-widget-text-editor\" data-id=\"f76ed17\" data-element_type=\"widget\" data-widget_type=\"text-editor.default\">\n\t\t\t\t<div class=\"elementor-widget-container\">\n\t\t\t\t\t\t\t<p>Cyclomethicone, Cyclopentasiloxane, Dimethicone, Parfum, Ricinus Communis Seed Oil, Iodopropynil Butylcarbamate, Linalool, D-limonene, Benzyl Salicylate, Alpha-isomethylIonone, Citronellol, Coumarin.<\/p>\t\t\t\t\t\t<\/div>\n\t\t\t\t<\/div>\n\t\t\t\t<div class=\"elementor-element elementor-element-4dcfb82 jltma-glass-effect-no elementor-widget elementor-widget-text-editor\" data-id=\"4dcfb82\" data-element_type=\"widget\" data-widget_type=\"text-editor.default\">\n\t\t\t\t<div class=\"elementor-widget-container\">\n\t\t\t\t\t\t\t<p>Composi\u00e7\u00e3o rosa imperial<\/p>\t\t\t\t\t\t<\/div>\n\t\t\t\t<\/div>\n\t\t\t\t<div class=\"elementor-element elementor-element-09f8be5 jltma-glass-effect-no elementor-widget elementor-widget-text-editor\" data-id=\"09f8be5\" data-element_type=\"widget\" data-widget_type=\"text-editor.default\">\n\t\t\t\t<div class=\"elementor-widget-container\">\n\t\t\t\t\t\t\t<p>Cyclomethicone, Cyclopentasiloxane, Dimethicone, Parfum, Rosa Canina Fruit Oil, Rosa Gallica Flower Extract, Rosa Centifolia Flower Extract, Iodopropynil Butylcarbamate, Linalool, D-limonene, Benzyl Salicylate, Alpha-isomethyl Ionone,Citronellol, Coumarin.<\/p>\t\t\t\t\t\t<\/div>\n\t\t\t\t<\/div>\n\t\t\t\t\t<\/div>\n\t\t<\/div>\n\t\t\t\t\t\t\t<\/div>\n\t\t<\/section>\n\t\t\t\t\t\t\t<\/div>\n\t\t","protected":false},"excerpt":{"rendered":"<p>\u00d3leos Lend\u00e1rios Cam\u00e9lia Macad\u00e2mia Oliva R\u00edcino Rosa Imperial Previous image Next image Home Care\u00a0 \u00a0 \u00a0 |\u00a0 \u00a0 \u00a0120ml e 4,05floz Cor da Embalagem \u00c2mbar Semitransparente C\u00f3digos de Barras\u00a0Cam\u00e9lia :\u00a07898661543294Macad\u00e2mia [&hellip;]<\/p>\n","protected":false},"author":1,"featured_media":0,"parent":0,"menu_order":0,"comment_status":"closed","ping_status":"closed","template":"elementor_header_footer","meta":{"loftloader_page_shortcode":"","footnotes":""},"rttpg_featured_image_url":null,"rttpg_author":{"display_name":"dlavu","author_link":"https:\/\/dlavu.com.br\/index.php\/author\/dlavu\/"},"rttpg_comment":0,"rttpg_category":null,"rttpg_excerpt":"\u00d3leos Lend\u00e1rios Cam\u00e9lia Macad\u00e2mia Oliva R\u00edcino Rosa Imperial Previous image Next image Home Care\u00a0 \u00a0 \u00a0 |\u00a0 \u00a0 \u00a0120ml e 4,05floz Cor da Embalagem \u00c2mbar Semitransparente C\u00f3digos de Barras\u00a0Cam\u00e9lia :\u00a07898661543294Macad\u00e2mia [&hellip;]","_links":{"self":[{"href":"https:\/\/dlavu.com.br\/index.php\/wp-json\/wp\/v2\/pages\/599"}],"collection":[{"href":"https:\/\/dlavu.com.br\/index.php\/wp-json\/wp\/v2\/pages"}],"about":[{"href":"https:\/\/dlavu.com.br\/index.php\/wp-json\/wp\/v2\/types\/page"}],"author":[{"embeddable":true,"href":"https:\/\/dlavu.com.br\/index.php\/wp-json\/wp\/v2\/users\/1"}],"replies":[{"embeddable":true,"href":"https:\/\/dlavu.com.br\/index.php\/wp-json\/wp\/v2\/comments?post=599"}],"version-history":[{"count":58,"href":"https:\/\/dlavu.com.br\/index.php\/wp-json\/wp\/v2\/pages\/599\/revisions"}],"predecessor-version":[{"id":665,"href":"https:\/\/dlavu.com.br\/index.php\/wp-json\/wp\/v2\/pages\/599\/revisions\/665"}],"wp:attachment":[{"href":"https:\/\/dlavu.com.br\/index.php\/wp-json\/wp\/v2\/media?parent=599"}],"curies":[{"name":"wp","href":"https:\/\/api.w.org\/{rel}","templated":true}]}}